{"id":1497,"date":"2023-09-19T21:01:59","date_gmt":"2023-09-19T21:01:59","guid":{"rendered":"https:\/\/gallagro.com.ar\/?post_type=product&#038;p=1497"},"modified":"2023-09-19T21:01:59","modified_gmt":"2023-09-19T21:01:59","slug":"sembradora-agrometal-tx-mega-20-42-o-16-52-mod-2004-usado","status":"publish","type":"product","link":"https:\/\/gallagro.com.ar\/producto\/sembradora-agrometal-tx-mega-20-42-o-16-52-mod-2004-usado\/","title":{"rendered":"Sembradora Agrometal TX MEGA 20\/42 \u00f3 16\/52 mod: 2004 USADO"},"content":{"rendered":"<ul>\n<li>Sembradora de grano grueso<\/li>\n<li><strong>20 surcos a 42cm.<\/strong><\/li>\n<li><strong>16 surcos a 52cm.<\/strong><\/li>\n<li>Marca: Agrometal<\/li>\n<li>Modelo: TX MEGA<\/li>\n<li>Neum\u00e1tica<\/li>\n<li>Fertilizaci\u00f3n simple<\/li>\n<li>Equipo <strong>Precisi\u00f3n Planting<\/strong><\/li>\n<li>Monitor <strong>20\/20<\/strong><\/li>\n<li>A\u00f1o: 2004<\/li>\n<li><em>Usado<\/em><\/li>\n<\/ul>\n","protected":false},"excerpt":{"rendered":"<p>Sembradora de grano grueso 20 surcos a 42cm. 16 surcos a 52cm. Marca: Agrometal Modelo: TX MEGA Neum\u00e1tica Fertilizaci\u00f3n simple Equipo Precisi\u00f3n Planting Monitor 20\/20 A\u00f1o: 2004 Usado<\/p>\n","protected":false},"featured_media":1498,"comment_status":"closed","ping_status":"closed","template":"","meta":{"_et_pb_use_builder":"","_et_pb_old_content":"","_et_gb_content_width":""},"product_brand":[],"product_cat":[80,52,63],"product_tag":[],"class_list":{"0":"post-1497","1":"product","2":"type-product","3":"status-publish","4":"has-post-thumbnail","6":"product_cat-agrometal","7":"product_cat-sembradoras","8":"product_cat-usados","10":"first","11":"instock","12":"shipping-taxable","13":"product-type-simple"},"jetpack_sharing_enabled":true,"_links":{"self":[{"href":"https:\/\/gallagro.com.ar\/wp-json\/wp\/v2\/product\/1497","targetHints":{"allow":["GET"]}}],"collection":[{"href":"https:\/\/gallagro.com.ar\/wp-json\/wp\/v2\/product"}],"about":[{"href":"https:\/\/gallagro.com.ar\/wp-json\/wp\/v2\/types\/product"}],"replies":[{"embeddable":true,"href":"https:\/\/gallagro.com.ar\/wp-json\/wp\/v2\/comments?post=1497"}],"wp:featuredmedia":[{"embeddable":true,"href":"https:\/\/gallagro.com.ar\/wp-json\/wp\/v2\/media\/1498"}],"wp:attachment":[{"href":"https:\/\/gallagro.com.ar\/wp-json\/wp\/v2\/media?parent=1497"}],"wp:term":[{"taxonomy":"product_brand","embeddable":true,"href":"https:\/\/gallagro.com.ar\/wp-json\/wp\/v2\/product_brand?post=1497"},{"taxonomy":"product_cat","embeddable":true,"href":"https:\/\/gallagro.com.ar\/wp-json\/wp\/v2\/product_cat?post=1497"},{"taxonomy":"product_tag","embeddable":true,"href":"https:\/\/gallagro.com.ar\/wp-json\/wp\/v2\/product_tag?post=1497"}],"curies":[{"name":"wp","href":"https:\/\/api.w.org\/{rel}","templated":true}]}}