{"id":1650,"date":"2023-09-29T22:17:37","date_gmt":"2023-09-29T22:17:37","guid":{"rendered":"https:\/\/gallagro.com.ar\/?post_type=product&#038;p=1650"},"modified":"2023-11-24T20:54:27","modified_gmt":"2023-11-24T20:54:27","slug":"sembradora-pla-agp-2114-14-52-usado","status":"publish","type":"product","link":"https:\/\/gallagro.com.ar\/producto\/sembradora-pla-agp-2114-14-52-usado\/","title":{"rendered":"Sembradora PLA 14\/52 mod: 2001 USADO"},"content":{"rendered":"<ul>\n<li>Sembradora de grano grueso<\/li>\n<li><strong>14 surcos a 52cm.<\/strong><\/li>\n<li>Marca: Pla<\/li>\n<li>Modelo: APG 2114<\/li>\n<li>Mec\u00e1nica<\/li>\n<li>Con autotrailer<\/li>\n<li>Sin fertilizaci\u00f3n<\/li>\n<li>Sin monitor<\/li>\n<li>A\u00f1o: 2001<\/li>\n<li><em>Usado<\/em><\/li>\n<\/ul>\n","protected":false},"excerpt":{"rendered":"<p>Sembradora de grano grueso 14 surcos a 52cm. Marca: Pla Modelo: APG 2114 Mec\u00e1nica Con autotrailer Sin fertilizaci\u00f3n Sin monitor A\u00f1o: 2001 Usado<\/p>\n","protected":false},"featured_media":1651,"comment_status":"closed","ping_status":"closed","template":"","meta":{"_et_pb_use_builder":"","_et_pb_old_content":"","_et_gb_content_width":""},"product_brand":[],"product_cat":[90,52,63],"product_tag":[],"class_list":{"0":"post-1650","1":"product","2":"type-product","3":"status-publish","4":"has-post-thumbnail","6":"product_cat-pla","7":"product_cat-sembradoras","8":"product_cat-usados","10":"first","11":"instock","12":"shipping-taxable","13":"product-type-simple"},"jetpack_sharing_enabled":true,"_links":{"self":[{"href":"https:\/\/gallagro.com.ar\/wp-json\/wp\/v2\/product\/1650","targetHints":{"allow":["GET"]}}],"collection":[{"href":"https:\/\/gallagro.com.ar\/wp-json\/wp\/v2\/product"}],"about":[{"href":"https:\/\/gallagro.com.ar\/wp-json\/wp\/v2\/types\/product"}],"replies":[{"embeddable":true,"href":"https:\/\/gallagro.com.ar\/wp-json\/wp\/v2\/comments?post=1650"}],"wp:featuredmedia":[{"embeddable":true,"href":"https:\/\/gallagro.com.ar\/wp-json\/wp\/v2\/media\/1651"}],"wp:attachment":[{"href":"https:\/\/gallagro.com.ar\/wp-json\/wp\/v2\/media?parent=1650"}],"wp:term":[{"taxonomy":"product_brand","embeddable":true,"href":"https:\/\/gallagro.com.ar\/wp-json\/wp\/v2\/product_brand?post=1650"},{"taxonomy":"product_cat","embeddable":true,"href":"https:\/\/gallagro.com.ar\/wp-json\/wp\/v2\/product_cat?post=1650"},{"taxonomy":"product_tag","embeddable":true,"href":"https:\/\/gallagro.com.ar\/wp-json\/wp\/v2\/product_tag?post=1650"}],"curies":[{"name":"wp","href":"https:\/\/api.w.org\/{rel}","templated":true}]}}